{"id":2076,"date":"2023-09-26T22:48:46","date_gmt":"2023-09-26T19:48:46","guid":{"rendered":"https:\/\/tmdist.fi\/?page_id=2076"},"modified":"2024-05-14T15:08:09","modified_gmt":"2024-05-14T12:08:09","slug":"tmdentertainment","status":"publish","type":"page","link":"https:\/\/tmdist.fi\/fi\/tmdentertainment\/","title":{"rendered":"TMD Entertainment"},"content":{"rendered":"<h1 class=\"has-medium-font-size\"><strong>Dans vid Bernys med Tommys orkester 18.5.2024<\/strong><\/h1>\n\n\n\n<figure class=\"wp-block-image size-large is-resized\"><img fetchpriority=\"high\" src=\"https:\/\/tmdist.fi\/wp-content\/uploads\/2024\/05\/2c1f5667-456d-4e8a-a4a5-791870b5c587-628x1024.jpeg\" alt=\"\" class=\"wp-image-2142\" width=\"483\" height=\"788\" srcset=\"https:\/\/tmdist.fi\/wp-content\/uploads\/2024\/05\/2c1f5667-456d-4e8a-a4a5-791870b5c587-628x1024.jpeg 628w, https:\/\/tmdist.fi\/wp-content\/uploads\/2024\/05\/2c1f5667-456d-4e8a-a4a5-791870b5c587-184x300.jpeg 184w, https:\/\/tmdist.fi\/wp-content\/uploads\/2024\/05\/2c1f5667-456d-4e8a-a4a5-791870b5c587-768x1252.jpeg 768w, https:\/\/tmdist.fi\/wp-content\/uploads\/2024\/05\/2c1f5667-456d-4e8a-a4a5-791870b5c587-943x1536.jpeg 943w, https:\/\/tmdist.fi\/wp-content\/uploads\/2024\/05\/2c1f5667-456d-4e8a-a4a5-791870b5c587-7x12.jpeg 7w, https:\/\/tmdist.fi\/wp-content\/uploads\/2024\/05\/2c1f5667-456d-4e8a-a4a5-791870b5c587.jpeg 1080w\" sizes=\"(max-width: 483px) 100vw, 483px\" \/><\/figure>\n\n\n\n<h1 class=\"has-medium-font-size\"><strong>V\u00e5rkonserter Maj 2024<\/strong><\/h1>\n\n\n\n<figure class=\"wp-block-image size-large is-resized\"><img src=\"https:\/\/tmdist.fi\/wp-content\/uploads\/2024\/05\/440384036_952456710220925_6021486320239532419_n-801x1024.jpg\" alt=\"\" class=\"wp-image-2145\" width=\"557\" height=\"711\" srcset=\"https:\/\/tmdist.fi\/wp-content\/uploads\/2024\/05\/440384036_952456710220925_6021486320239532419_n-801x1024.jpg 801w, https:\/\/tmdist.fi\/wp-content\/uploads\/2024\/05\/440384036_952456710220925_6021486320239532419_n-235x300.jpg 235w, https:\/\/tmdist.fi\/wp-content\/uploads\/2024\/05\/440384036_952456710220925_6021486320239532419_n-768x982.jpg 768w, https:\/\/tmdist.fi\/wp-content\/uploads\/2024\/05\/440384036_952456710220925_6021486320239532419_n-9x12.jpg 9w, https:\/\/tmdist.fi\/wp-content\/uploads\/2024\/05\/440384036_952456710220925_6021486320239532419_n.jpg 1080w\" sizes=\"(max-width: 557px) 100vw, 557px\" \/><\/figure>\n\n\n\n<h1 class=\"has-medium-font-size\"><strong>V\u00e5rkonserter April 2024<\/strong><\/h1>\n\n\n\n<figure class=\"wp-block-image size-large\"><img width=\"724\" height=\"1024\" src=\"https:\/\/tmdist.fi\/wp-content\/uploads\/2024\/05\/417683892_913836337416296_6415944009114955969_n-724x1024.jpg\" alt=\"\" class=\"wp-image-2137\" srcset=\"https:\/\/tmdist.fi\/wp-content\/uploads\/2024\/05\/417683892_913836337416296_6415944009114955969_n-724x1024.jpg 724w, https:\/\/tmdist.fi\/wp-content\/uploads\/2024\/05\/417683892_913836337416296_6415944009114955969_n-212x300.jpg 212w, https:\/\/tmdist.fi\/wp-content\/uploads\/2024\/05\/417683892_913836337416296_6415944009114955969_n-768x1086.jpg 768w, https:\/\/tmdist.fi\/wp-content\/uploads\/2024\/05\/417683892_913836337416296_6415944009114955969_n-1086x1536.jpg 1086w, https:\/\/tmdist.fi\/wp-content\/uploads\/2024\/05\/417683892_913836337416296_6415944009114955969_n-8x12.jpg 8w, https:\/\/tmdist.fi\/wp-content\/uploads\/2024\/05\/417683892_913836337416296_6415944009114955969_n.jpg 1448w\" sizes=\"(max-width: 724px) 100vw, 724px\" \/><\/figure>\n\n\n\n<h1 class=\"has-medium-font-size\"><strong>En kv\u00e4ll med Lasse Sigfridsson &amp; Mona G<\/strong>  <strong>22.2-24.2.2024<\/strong><\/h1>\n\n\n\n<figure class=\"wp-block-image size-large\"><img loading=\"lazy\" width=\"630\" height=\"1024\" src=\"https:\/\/tmdist.fi\/wp-content\/uploads\/2024\/05\/417155460_860166549449942_2216085715480980052_n-630x1024.jpg\" alt=\"\" class=\"wp-image-2134\" srcset=\"https:\/\/tmdist.fi\/wp-content\/uploads\/2024\/05\/417155460_860166549449942_2216085715480980052_n-630x1024.jpg 630w, https:\/\/tmdist.fi\/wp-content\/uploads\/2024\/05\/417155460_860166549449942_2216085715480980052_n-185x300.jpg 185w, https:\/\/tmdist.fi\/wp-content\/uploads\/2024\/05\/417155460_860166549449942_2216085715480980052_n-768x1249.jpg 768w, https:\/\/tmdist.fi\/wp-content\/uploads\/2024\/05\/417155460_860166549449942_2216085715480980052_n-945x1536.jpg 945w, https:\/\/tmdist.fi\/wp-content\/uploads\/2024\/05\/417155460_860166549449942_2216085715480980052_n-7x12.jpg 7w, https:\/\/tmdist.fi\/wp-content\/uploads\/2024\/05\/417155460_860166549449942_2216085715480980052_n.jpg 1080w\" sizes=\"(max-width: 630px) 100vw, 630px\" \/><\/figure>\n\n\n\n<h1 class=\"has-medium-font-size\"><strong>Midvinterdans med Carisma 3.2.2024<\/strong><\/h1>\n\n\n\n<figure class=\"wp-block-image size-large\"><img loading=\"lazy\" width=\"724\" height=\"1024\" src=\"https:\/\/tmdist.fi\/wp-content\/uploads\/2024\/05\/Carisma-affisch-A3-rgb-724x1024.jpg\" alt=\"\" class=\"wp-image-2129\" srcset=\"https:\/\/tmdist.fi\/wp-content\/uploads\/2024\/05\/Carisma-affisch-A3-rgb-724x1024.jpg 724w, https:\/\/tmdist.fi\/wp-content\/uploads\/2024\/05\/Carisma-affisch-A3-rgb-212x300.jpg 212w, https:\/\/tmdist.fi\/wp-content\/uploads\/2024\/05\/Carisma-affisch-A3-rgb-768x1086.jpg 768w, https:\/\/tmdist.fi\/wp-content\/uploads\/2024\/05\/Carisma-affisch-A3-rgb-1086x1536.jpg 1086w, https:\/\/tmdist.fi\/wp-content\/uploads\/2024\/05\/Carisma-affisch-A3-rgb-1448x2048.jpg 1448w, https:\/\/tmdist.fi\/wp-content\/uploads\/2024\/05\/Carisma-affisch-A3-rgb-8x12.jpg 8w, https:\/\/tmdist.fi\/wp-content\/uploads\/2024\/05\/Carisma-affisch-A3-rgb-scaled.jpg 1811w\" sizes=\"(max-width: 724px) 100vw, 724px\" \/><\/figure>\n\n\n\n<div class=\"wp-container-2 wp-block-columns\">\n<div class=\"wp-container-1 wp-block-column\" style=\"flex-basis:100%\">\n<h1 class=\"has-medium-font-size\"><strong>Julfest p\u00e5 Backan i Jungsund  25.11.2023<\/strong><\/h1>\n\n\n\n<figure class=\"wp-block-image size-full\"><img loading=\"lazy\" width=\"559\" height=\"794\" src=\"https:\/\/tmdist.fi\/wp-content\/uploads\/2024\/05\/395409307_809535684513029_546914000390044873_n.jpg\" alt=\"\" class=\"wp-image-2132\" srcset=\"https:\/\/tmdist.fi\/wp-content\/uploads\/2024\/05\/395409307_809535684513029_546914000390044873_n.jpg 559w, https:\/\/tmdist.fi\/wp-content\/uploads\/2024\/05\/395409307_809535684513029_546914000390044873_n-211x300.jpg 211w, https:\/\/tmdist.fi\/wp-content\/uploads\/2024\/05\/395409307_809535684513029_546914000390044873_n-8x12.jpg 8w\" sizes=\"(max-width: 559px) 100vw, 559px\" \/><\/figure>\n<\/div>\n<\/div>\n\n\n\n<h1 class=\"has-medium-font-size\"><strong>H\u00f6stkonserter i oktober 2023<\/strong><\/h1>\n\n\n\n<figure class=\"wp-block-image size-full\"><img loading=\"lazy\" width=\"625\" height=\"1024\" src=\"https:\/\/tmdist.fi\/wp-content\/uploads\/2023\/09\/1695036423185-4cefe03d-dec8-47bf-8d67-492a479f2499_1.jpg\" alt=\"\" class=\"wp-image-2106\" srcset=\"https:\/\/tmdist.fi\/wp-content\/uploads\/2023\/09\/1695036423185-4cefe03d-dec8-47bf-8d67-492a479f2499_1.jpg 625w, https:\/\/tmdist.fi\/wp-content\/uploads\/2023\/09\/1695036423185-4cefe03d-dec8-47bf-8d67-492a479f2499_1-183x300.jpg 183w, https:\/\/tmdist.fi\/wp-content\/uploads\/2023\/09\/1695036423185-4cefe03d-dec8-47bf-8d67-492a479f2499_1-7x12.jpg 7w\" sizes=\"(max-width: 625px) 100vw, 625px\" \/><\/figure>\n\n\n\n<pre class=\"wp-block-code\"><code><a href=\"https:\/\/www.netticket.fi\/information_plays.php?info_id=23540\">Biljetter i f\u00f6rk\u00f6p fr\u00e5n Netticket.fi<\/a><\/code><\/pre>\n\n\n\n<h1 class=\"has-medium-font-size\"><strong>Dansgala p\u00e5 Carpella 9.9.2023<\/strong><\/h1>\n\n\n\n<figure class=\"wp-block-image size-large\"><img loading=\"lazy\" width=\"727\" height=\"1024\" src=\"https:\/\/tmdist.fi\/wp-content\/uploads\/2023\/09\/dansgala-affisch-hires-727x1024.jpg\" alt=\"\" class=\"wp-image-2095\" srcset=\"https:\/\/tmdist.fi\/wp-content\/uploads\/2023\/09\/dansgala-affisch-hires-727x1024.jpg 727w, https:\/\/tmdist.fi\/wp-content\/uploads\/2023\/09\/dansgala-affisch-hires-213x300.jpg 213w, https:\/\/tmdist.fi\/wp-content\/uploads\/2023\/09\/dansgala-affisch-hires-768x1082.jpg 768w, https:\/\/tmdist.fi\/wp-content\/uploads\/2023\/09\/dansgala-affisch-hires-1090x1536.jpg 1090w, https:\/\/tmdist.fi\/wp-content\/uploads\/2023\/09\/dansgala-affisch-hires-1454x2048.jpg 1454w, https:\/\/tmdist.fi\/wp-content\/uploads\/2023\/09\/dansgala-affisch-hires-9x12.jpg 9w, https:\/\/tmdist.fi\/wp-content\/uploads\/2023\/09\/dansgala-affisch-hires-scaled.jpg 1817w\" sizes=\"(max-width: 727px) 100vw, 727px\" \/><\/figure>\n\n\n\n<figure class=\"wp-block-embed is-type-video is-provider-youtube wp-block-embed-youtube wp-embed-aspect-16-9 wp-has-aspect-ratio\"><div class=\"wp-block-embed__wrapper\">\n<iframe title=\"Carpella Dansgala 9.9.2023\" width=\"525\" height=\"295\" src=\"https:\/\/www.youtube.com\/embed\/PuE_QD9a0kI?feature=oembed\" frameborder=\"0\" allow=\"accelerometer; autoplay; clipboard-write; encrypted-media; gyroscope; picture-in-picture; web-share\" referrerpolicy=\"strict-origin-when-cross-origin\" allowfullscreen><\/iframe>\n<\/div><\/figure>\n\n\n\n<figure class=\"wp-container-4 wp-block-gallery-3 wp-block-gallery has-nested-images columns-default is-cropped\">\n<figure class=\"wp-block-image size-large\"><img loading=\"lazy\" width=\"1024\" height=\"401\" data-id=\"2103\"  src=\"https:\/\/tmdist.fi\/wp-content\/uploads\/2023\/09\/IMG_4806-sj-1-1024x401.jpg\" alt=\"\" class=\"wp-image-2103\" srcset=\"https:\/\/tmdist.fi\/wp-content\/uploads\/2023\/09\/IMG_4806-sj-1-1024x401.jpg 1024w, https:\/\/tmdist.fi\/wp-content\/uploads\/2023\/09\/IMG_4806-sj-1-300x117.jpg 300w, https:\/\/tmdist.fi\/wp-content\/uploads\/2023\/09\/IMG_4806-sj-1-768x300.jpg 768w, https:\/\/tmdist.fi\/wp-content\/uploads\/2023\/09\/IMG_4806-sj-1-1536x601.jpg 1536w, https:\/\/tmdist.fi\/wp-content\/uploads\/2023\/09\/IMG_4806-sj-1-2048x801.jpg 2048w, https:\/\/tmdist.fi\/wp-content\/uploads\/2023\/09\/IMG_4806-sj-1-18x7.jpg 18w\" sizes=\"(max-width: 706px) 89vw, (max-width: 767px) 82vw, 740px\" \/><\/figure>\n<\/figure>\n\n\n\n<figure class=\"wp-block-image size-large\"><img loading=\"lazy\" width=\"1024\" height=\"845\" src=\"https:\/\/tmdist.fi\/wp-content\/uploads\/2023\/09\/IMG_4834-sj-1-1024x845.jpg\" alt=\"\" class=\"wp-image-2104\" srcset=\"https:\/\/tmdist.fi\/wp-content\/uploads\/2023\/09\/IMG_4834-sj-1-1024x845.jpg 1024w, https:\/\/tmdist.fi\/wp-content\/uploads\/2023\/09\/IMG_4834-sj-1-300x248.jpg 300w, https:\/\/tmdist.fi\/wp-content\/uploads\/2023\/09\/IMG_4834-sj-1-768x634.jpg 768w, https:\/\/tmdist.fi\/wp-content\/uploads\/2023\/09\/IMG_4834-sj-1-1536x1267.jpg 1536w, https:\/\/tmdist.fi\/wp-content\/uploads\/2023\/09\/IMG_4834-sj-1-2048x1690.jpg 2048w, https:\/\/tmdist.fi\/wp-content\/uploads\/2023\/09\/IMG_4834-sj-1-15x12.jpg 15w\" sizes=\"(max-width: 706px) 89vw, (max-width: 767px) 82vw, 740px\" \/><\/figure>\n\n\n\n<figure class=\"wp-block-image size-large\"><img loading=\"lazy\" width=\"1024\" height=\"1024\" src=\"https:\/\/tmdist.fi\/wp-content\/uploads\/2023\/09\/IMG_4927-sj-1-1024x1024.jpg\" alt=\"\" class=\"wp-image-2105\" srcset=\"https:\/\/tmdist.fi\/wp-content\/uploads\/2023\/09\/IMG_4927-sj-1-1024x1024.jpg 1024w, https:\/\/tmdist.fi\/wp-content\/uploads\/2023\/09\/IMG_4927-sj-1-300x300.jpg 300w, https:\/\/tmdist.fi\/wp-content\/uploads\/2023\/09\/IMG_4927-sj-1-150x150.jpg 150w, https:\/\/tmdist.fi\/wp-content\/uploads\/2023\/09\/IMG_4927-sj-1-768x768.jpg 768w, https:\/\/tmdist.fi\/wp-content\/uploads\/2023\/09\/IMG_4927-sj-1-1536x1536.jpg 1536w, https:\/\/tmdist.fi\/wp-content\/uploads\/2023\/09\/IMG_4927-sj-1-2048x2048.jpg 2048w, https:\/\/tmdist.fi\/wp-content\/uploads\/2023\/09\/IMG_4927-sj-1-12x12.jpg 12w, https:\/\/tmdist.fi\/wp-content\/uploads\/2023\/09\/IMG_4927-sj-1-100x100.jpg 100w\" sizes=\"(max-width: 706px) 89vw, (max-width: 767px) 82vw, 740px\" \/><\/figure>\n\n\n\n<h1 class=\"has-medium-font-size\"><strong>Pingstkonsert i Korsholms kyrka 27.5.2023<\/strong><\/h1>\n\n\n\n<figure class=\"wp-block-image size-large\"><img loading=\"lazy\" width=\"1024\" height=\"668\" src=\"https:\/\/tmdist.fi\/wp-content\/uploads\/2023\/09\/konsert27.5-1024x668.jpg\" alt=\"\" class=\"wp-image-2092\" srcset=\"https:\/\/tmdist.fi\/wp-content\/uploads\/2023\/09\/konsert27.5-1024x668.jpg 1024w, https:\/\/tmdist.fi\/wp-content\/uploads\/2023\/09\/konsert27.5-300x196.jpg 300w, https:\/\/tmdist.fi\/wp-content\/uploads\/2023\/09\/konsert27.5-768x501.jpg 768w, https:\/\/tmdist.fi\/wp-content\/uploads\/2023\/09\/konsert27.5-18x12.jpg 18w, https:\/\/tmdist.fi\/wp-content\/uploads\/2023\/09\/konsert27.5.jpg 1150w\" sizes=\"(max-width: 706px) 89vw, (max-width: 767px) 82vw, 740px\" \/><\/figure>\n\n\n\n<h1 class=\"has-medium-font-size\"><strong>\u00c5rets stora krogshow med Tom H\u00e5kans p\u00e5 Bernys 14.5.2022<\/strong><\/h1>\n\n\n\n<figure class=\"wp-block-image size-large\"><img loading=\"lazy\" width=\"731\" height=\"1024\" src=\"https:\/\/tmdist.fi\/wp-content\/uploads\/2023\/09\/arets-krogshow-affisch-2022n-731x1024.jpg\" alt=\"\" class=\"wp-image-2090\" srcset=\"https:\/\/tmdist.fi\/wp-content\/uploads\/2023\/09\/arets-krogshow-affisch-2022n-731x1024.jpg 731w, https:\/\/tmdist.fi\/wp-content\/uploads\/2023\/09\/arets-krogshow-affisch-2022n-214x300.jpg 214w, https:\/\/tmdist.fi\/wp-content\/uploads\/2023\/09\/arets-krogshow-affisch-2022n-768x1075.jpg 768w, https:\/\/tmdist.fi\/wp-content\/uploads\/2023\/09\/arets-krogshow-affisch-2022n-1097x1536.jpg 1097w, https:\/\/tmdist.fi\/wp-content\/uploads\/2023\/09\/arets-krogshow-affisch-2022n-1463x2048.jpg 1463w, https:\/\/tmdist.fi\/wp-content\/uploads\/2023\/09\/arets-krogshow-affisch-2022n-9x12.jpg 9w, https:\/\/tmdist.fi\/wp-content\/uploads\/2023\/09\/arets-krogshow-affisch-2022n-scaled.jpg 1828w\" sizes=\"(max-width: 731px) 100vw, 731px\" \/><\/figure>\n\n\n\n<h1 class=\"has-medium-font-size\"><strong>\u00c5rets stora krogshow med Tom H\u00e5kans p\u00e5 Bernys 31.7.2021<\/strong><\/h1>\n\n\n\n<figure class=\"wp-block-image size-large\"><img loading=\"lazy\" width=\"724\" height=\"1024\" src=\"https:\/\/tmdist.fi\/wp-content\/uploads\/2023\/09\/krogshow-724x1024.jpg\" alt=\"\" class=\"wp-image-2091\" srcset=\"https:\/\/tmdist.fi\/wp-content\/uploads\/2023\/09\/krogshow-724x1024.jpg 724w, https:\/\/tmdist.fi\/wp-content\/uploads\/2023\/09\/krogshow-212x300.jpg 212w, https:\/\/tmdist.fi\/wp-content\/uploads\/2023\/09\/krogshow-768x1086.jpg 768w, https:\/\/tmdist.fi\/wp-content\/uploads\/2023\/09\/krogshow-1086x1536.jpg 1086w, https:\/\/tmdist.fi\/wp-content\/uploads\/2023\/09\/krogshow-1448x2048.jpg 1448w, https:\/\/tmdist.fi\/wp-content\/uploads\/2023\/09\/krogshow-8x12.jpg 8w, https:\/\/tmdist.fi\/wp-content\/uploads\/2023\/09\/krogshow-scaled.jpg 1810w\" sizes=\"(max-width: 724px) 100vw, 724px\" \/><\/figure>\n\n\n\n<figure class=\"wp-container-6 wp-block-gallery-5 wp-block-gallery has-nested-images columns-default is-cropped\">\n<figure class=\"wp-block-image size-large\"><img loading=\"lazy\" width=\"1024\" height=\"1024\" data-id=\"2082\"  src=\"https:\/\/tmdist.fi\/wp-content\/uploads\/2023\/09\/223809011_4756834394332467_8748821655395834058_n-1024x1024.jpg\" alt=\"\" class=\"wp-image-2082\" srcset=\"https:\/\/tmdist.fi\/wp-content\/uploads\/2023\/09\/223809011_4756834394332467_8748821655395834058_n-1024x1024.jpg 1024w, https:\/\/tmdist.fi\/wp-content\/uploads\/2023\/09\/223809011_4756834394332467_8748821655395834058_n-300x300.jpg 300w, https:\/\/tmdist.fi\/wp-content\/uploads\/2023\/09\/223809011_4756834394332467_8748821655395834058_n-150x150.jpg 150w, https:\/\/tmdist.fi\/wp-content\/uploads\/2023\/09\/223809011_4756834394332467_8748821655395834058_n-768x768.jpg 768w, https:\/\/tmdist.fi\/wp-content\/uploads\/2023\/09\/223809011_4756834394332467_8748821655395834058_n-12x12.jpg 12w, https:\/\/tmdist.fi\/wp-content\/uploads\/2023\/09\/223809011_4756834394332467_8748821655395834058_n-100x100.jpg 100w, https:\/\/tmdist.fi\/wp-content\/uploads\/2023\/09\/223809011_4756834394332467_8748821655395834058_n.jpg 1500w\" sizes=\"(max-width: 706px) 89vw, (max-width: 767px) 82vw, 740px\" \/><\/figure>\n\n\n\n<figure class=\"wp-block-image size-large\"><img loading=\"lazy\" width=\"1024\" height=\"768\" data-id=\"2085\"  src=\"https:\/\/tmdist.fi\/wp-content\/uploads\/2023\/09\/225701685_10226049416802576_3515965722243046491_n-1024x768.jpg\" alt=\"\" class=\"wp-image-2085\" srcset=\"https:\/\/tmdist.fi\/wp-content\/uploads\/2023\/09\/225701685_10226049416802576_3515965722243046491_n-1024x768.jpg 1024w, https:\/\/tmdist.fi\/wp-content\/uploads\/2023\/09\/225701685_10226049416802576_3515965722243046491_n-300x225.jpg 300w, https:\/\/tmdist.fi\/wp-content\/uploads\/2023\/09\/225701685_10226049416802576_3515965722243046491_n-768x576.jpg 768w, https:\/\/tmdist.fi\/wp-content\/uploads\/2023\/09\/225701685_10226049416802576_3515965722243046491_n-1536x1152.jpg 1536w, https:\/\/tmdist.fi\/wp-content\/uploads\/2023\/09\/225701685_10226049416802576_3515965722243046491_n-16x12.jpg 16w, https:\/\/tmdist.fi\/wp-content\/uploads\/2023\/09\/225701685_10226049416802576_3515965722243046491_n.jpg 2048w\" sizes=\"(max-width: 706px) 89vw, (max-width: 767px) 82vw, 740px\" \/><\/figure>\n\n\n\n<figure class=\"wp-block-image size-large\"><img loading=\"lazy\" width=\"720\" height=\"960\" data-id=\"2088\"  src=\"https:\/\/tmdist.fi\/wp-content\/uploads\/2023\/09\/224888272_886461138744716_5174629616696348269_n.jpg\" alt=\"\" class=\"wp-image-2088\" srcset=\"https:\/\/tmdist.fi\/wp-content\/uploads\/2023\/09\/224888272_886461138744716_5174629616696348269_n.jpg 720w, https:\/\/tmdist.fi\/wp-content\/uploads\/2023\/09\/224888272_886461138744716_5174629616696348269_n-225x300.jpg 225w, https:\/\/tmdist.fi\/wp-content\/uploads\/2023\/09\/224888272_886461138744716_5174629616696348269_n-9x12.jpg 9w\" sizes=\"(max-width: 720px) 100vw, 720px\" \/><\/figure>\n\n\n\n<figure class=\"wp-block-image size-thumbnail\"><img loading=\"lazy\" width=\"150\" height=\"150\" data-id=\"2086\"  src=\"https:\/\/tmdist.fi\/wp-content\/uploads\/2023\/09\/228404348_4177755418973319_4806018294204691303_n-150x150.jpg\" alt=\"\" class=\"wp-image-2086\" srcset=\"https:\/\/tmdist.fi\/wp-content\/uploads\/2023\/09\/228404348_4177755418973319_4806018294204691303_n-150x150.jpg 150w, https:\/\/tmdist.fi\/wp-content\/uploads\/2023\/09\/228404348_4177755418973319_4806018294204691303_n-100x100.jpg 100w\" sizes=\"(max-width: 150px) 100vw, 150px\" \/><\/figure>\n\n\n\n<figure class=\"wp-block-image size-large\"><img loading=\"lazy\" width=\"819\" height=\"1024\" data-id=\"2087\"  src=\"https:\/\/tmdist.fi\/wp-content\/uploads\/2023\/09\/231032413_4755226857826554_1551948376496648166_n-819x1024.jpg\" alt=\"\" class=\"wp-image-2087\" srcset=\"https:\/\/tmdist.fi\/wp-content\/uploads\/2023\/09\/231032413_4755226857826554_1551948376496648166_n-819x1024.jpg 819w, https:\/\/tmdist.fi\/wp-content\/uploads\/2023\/09\/231032413_4755226857826554_1551948376496648166_n-240x300.jpg 240w, https:\/\/tmdist.fi\/wp-content\/uploads\/2023\/09\/231032413_4755226857826554_1551948376496648166_n-768x960.jpg 768w, https:\/\/tmdist.fi\/wp-content\/uploads\/2023\/09\/231032413_4755226857826554_1551948376496648166_n-1229x1536.jpg 1229w, https:\/\/tmdist.fi\/wp-content\/uploads\/2023\/09\/231032413_4755226857826554_1551948376496648166_n-10x12.jpg 10w, https:\/\/tmdist.fi\/wp-content\/uploads\/2023\/09\/231032413_4755226857826554_1551948376496648166_n.jpg 1284w\" sizes=\"(max-width: 706px) 89vw, (max-width: 767px) 82vw, 740px\" \/><\/figure>\n\n\n\n<figure class=\"wp-block-image size-large\"><img loading=\"lazy\" width=\"1024\" height=\"768\" data-id=\"2084\"  src=\"https:\/\/tmdist.fi\/wp-content\/uploads\/2023\/09\/226011685_10226049421402691_3115679168957852706_n-1024x768.jpg\" alt=\"\" class=\"wp-image-2084\" srcset=\"https:\/\/tmdist.fi\/wp-content\/uploads\/2023\/09\/226011685_10226049421402691_3115679168957852706_n-1024x768.jpg 1024w, https:\/\/tmdist.fi\/wp-content\/uploads\/2023\/09\/226011685_10226049421402691_3115679168957852706_n-300x225.jpg 300w, https:\/\/tmdist.fi\/wp-content\/uploads\/2023\/09\/226011685_10226049421402691_3115679168957852706_n-768x576.jpg 768w, https:\/\/tmdist.fi\/wp-content\/uploads\/2023\/09\/226011685_10226049421402691_3115679168957852706_n-1536x1152.jpg 1536w, https:\/\/tmdist.fi\/wp-content\/uploads\/2023\/09\/226011685_10226049421402691_3115679168957852706_n-16x12.jpg 16w, https:\/\/tmdist.fi\/wp-content\/uploads\/2023\/09\/226011685_10226049421402691_3115679168957852706_n.jpg 2048w\" sizes=\"(max-width: 706px) 89vw, (max-width: 767px) 82vw, 740px\" \/><\/figure>\n<\/figure>\n\n\n\n<h3><\/h3>","protected":false},"excerpt":{"rendered":"<p>Dans vid Bernys med Tommys orkester 18.5.2024 V\u00e5rkonserter Maj 2024 V\u00e5rkonserter April 2024 En kv\u00e4ll med Lasse Sigfridsson &amp; Mona G 22.2-24.2.2024 Midvinterdans med Carisma 3.2.2024 Julfest p\u00e5 Backan i Jungsund 25.11.2023 H\u00f6stkonserter i oktober 2023 Dansgala p\u00e5 Carpella 9.9.2023 Pingstkonsert i Korsholms kyrka 27.5.2023 \u00c5rets stora krogshow med Tom H\u00e5kans p\u00e5 Bernys 14.5.2022 \u00c5rets &hellip; <\/p>\n<p class=\"link-more\"><a href=\"https:\/\/tmdist.fi\/fi\/tmdentertainment\/\" class=\"more-link\">Jatka lukemista<span class=\"screen-reader-text\"> &#8221;TMD Entertainment&#8221;<\/span><\/a><\/p>","protected":false},"author":1,"featured_media":0,"parent":0,"menu_order":0,"comment_status":"closed","ping_status":"closed","template":"elementor_theme","meta":{"ngg_post_thumbnail":0},"_links":{"self":[{"href":"https:\/\/tmdist.fi\/fi\/wp-json\/wp\/v2\/pages\/2076"}],"collection":[{"href":"https:\/\/tmdist.fi\/fi\/wp-json\/wp\/v2\/pages"}],"about":[{"href":"https:\/\/tmdist.fi\/fi\/wp-json\/wp\/v2\/types\/page"}],"author":[{"embeddable":true,"href":"https:\/\/tmdist.fi\/fi\/wp-json\/wp\/v2\/users\/1"}],"replies":[{"embeddable":true,"href":"https:\/\/tmdist.fi\/fi\/wp-json\/wp\/v2\/comments?post=2076"}],"version-history":[{"count":13,"href":"https:\/\/tmdist.fi\/fi\/wp-json\/wp\/v2\/pages\/2076\/revisions"}],"predecessor-version":[{"id":2146,"href":"https:\/\/tmdist.fi\/fi\/wp-json\/wp\/v2\/pages\/2076\/revisions\/2146"}],"wp:attachment":[{"href":"https:\/\/tmdist.fi\/fi\/wp-json\/wp\/v2\/media?parent=2076"}],"curies":[{"name":"wp","href":"https:\/\/api.w.org\/{rel}","templated":true}]}}